{"id":348,"date":"2024-02-18T16:20:26","date_gmt":"2024-02-18T16:20:26","guid":{"rendered":"https:\/\/adventurecamp.com.br\/2024\/?page_id=348"},"modified":"2024-02-24T23:16:33","modified_gmt":"2024-02-24T23:16:33","slug":"equipamentos-camp","status":"publish","type":"page","link":"https:\/\/adventurecamp.com.br\/2024\/sobre\/equipamentos-camp\/","title":{"rendered":"Equipamentos camp"},"content":{"rendered":"\t\t<div data-elementor-type=\"wp-page\" data-elementor-id=\"348\" class=\"elementor elementor-348\" data-elementor-post-type=\"page\">\n\t\t\t\t<div class=\"elementor-element elementor-element-1058dce e-flex e-con-boxed e-con e-parent\" data-id=\"1058dce\" data-element_type=\"container\" data-settings=\"{&quot;content_width&quot;:&quot;boxed&quot;}\" data-core-v316-plus=\"true\">\n\t\t\t\t\t<div class=\"e-con-inner\">\n\t\t\t\t\t<\/div>\n\t\t\t\t<\/div>\n\t\t<div class=\"elementor-element elementor-element-ea06766 e-flex e-con-boxed e-con e-parent\" data-id=\"ea06766\" data-element_type=\"container\" data-settings=\"{&quot;content_width&quot;:&quot;boxed&quot;}\" data-core-v316-plus=\"true\">\n\t\t\t\t\t<div class=\"e-con-inner\">\n\t\t\t\t<div class=\"elementor-element elementor-element-6329681 elementor-widget elementor-widget-heading\" data-id=\"6329681\" data-element_type=\"widget\" data-widget_type=\"heading.default\">\n\t\t\t\t<div class=\"elementor-widget-container\">\n\t\t\t<style>\/*! elementor - v3.19.0 - 07-02-2024 *\/\n.elementor-heading-title{padding:0;margin:0;line-height:1}.elementor-widget-heading .elementor-heading-title[class*=elementor-size-]>a{color:inherit;font-size:inherit;line-height:inherit}.elementor-widget-heading .elementor-heading-title.elementor-size-small{font-size:15px}.elementor-widget-heading .elementor-heading-title.elementor-size-medium{font-size:19px}.elementor-widget-heading .elementor-heading-title.elementor-size-large{font-size:29px}.elementor-widget-heading .elementor-heading-title.elementor-size-xl{font-size:39px}.elementor-widget-heading .elementor-heading-title.elementor-size-xxl{font-size:59px}<\/style><h3 class=\"elementor-heading-title elementor-size-default\">Equipamentos Obrigat\u00f3rios<\/h3>\t\t<\/div>\n\t\t\t\t<\/div>\n\t\t\t\t<div class=\"elementor-element elementor-element-3d0c9a1 elementor-widget elementor-widget-text-editor\" data-id=\"3d0c9a1\" data-element_type=\"widget\" data-widget_type=\"text-editor.default\">\n\t\t\t\t<div class=\"elementor-widget-container\">\n\t\t\t<style>\/*! elementor - v3.19.0 - 07-02-2024 *\/\n.elementor-widget-text-editor.elementor-drop-cap-view-stacked .elementor-drop-cap{background-color:#69727d;color:#fff}.elementor-widget-text-editor.elementor-drop-cap-view-framed .elementor-drop-cap{color:#69727d;border:3px solid;background-color:transparent}.elementor-widget-text-editor:not(.elementor-drop-cap-view-default) .elementor-drop-cap{margin-top:8px}.elementor-widget-text-editor:not(.elementor-drop-cap-view-default) .elementor-drop-cap-letter{width:1em;height:1em}.elementor-widget-text-editor .elementor-drop-cap{float:left;text-align:center;line-height:1;font-size:50px}.elementor-widget-text-editor .elementor-drop-cap-letter{display:inline-block}<\/style>\t\t\t\t<p>Cada Equipe dever\u00e1 estar de posse dos equipamentos abaixo, nos trechos indicados e devem estar preparadas para apresent\u00e1-los aos Fiscais de PC (Posto de Controle) a qualquer momento.<\/p>\t\t\t\t\t\t<\/div>\n\t\t\t\t<\/div>\n\t\t\t\t\t<\/div>\n\t\t\t\t<\/div>\n\t\t<div class=\"elementor-element elementor-element-420e8ff e-flex e-con-boxed e-con e-parent\" data-id=\"420e8ff\" data-element_type=\"container\" data-settings=\"{&quot;content_width&quot;:&quot;boxed&quot;}\" data-core-v316-plus=\"true\">\n\t\t\t\t\t<div class=\"e-con-inner\">\n\t\t<div class=\"elementor-element elementor-element-9c61c4b e-con-full e-flex e-con e-child\" data-id=\"9c61c4b\" data-element_type=\"container\" data-settings=\"{&quot;content_width&quot;:&quot;full&quot;}\">\n\t\t\t\t<div class=\"elementor-element elementor-element-c9c11f4 elementor-widget elementor-widget-text-editor\" data-id=\"c9c11f4\" data-element_type=\"widget\" data-widget_type=\"text-editor.default\">\n\t\t\t\t<div class=\"elementor-widget-container\">\n\t\t\t\t\t\t\t<p><strong>Kit primeiros socorros (por atleta)<\/strong><br \/>\u2022 3 comprimidos de anti-histam\u00ednico \/ antial\u00e9rgico<br \/>\u2022 3 comprimidos de anti-inflamat\u00f3rio<br \/>\u2022 3 comprimidos de analg\u00e9sico<br \/>\u2022 2 pacotes de gaze<br \/>\u2022 1 rolo de esparadrapo<br \/>\u2022 2 pares de Luvas de l\u00e1tex<br \/>\u2022 Bandagem Aquatabs, Hidrosteril ou Iodo.<\/p><p>Obs.: Fica a crit\u00e9rio de cada participante a complementa\u00e7\u00e3o da lista dos equipamentos de primeiros socorros.<\/p>\t\t\t\t\t\t<\/div>\n\t\t\t\t<\/div>\n\t\t\t\t<\/div>\n\t\t<div class=\"elementor-element elementor-element-4a1f872 e-con-full e-flex e-con e-child\" data-id=\"4a1f872\" data-element_type=\"container\" data-settings=\"{&quot;content_width&quot;:&quot;full&quot;}\">\n\t\t\t\t<div class=\"elementor-element elementor-element-49a305c elementor-widget elementor-widget-text-editor\" data-id=\"49a305c\" data-element_type=\"widget\" data-widget_type=\"text-editor.default\">\n\t\t\t\t<div class=\"elementor-widget-container\">\n\t\t\t\t\t\t\t<p><strong>Percurso Completo (por atleta)<\/strong><br \/>\u2022 1 Mapa do trecho em andamento (fornecido pela organiza\u00e7\u00e3o)<br \/>\u2022 2 B\u00fassolas (quartetos e dupla) \/ 1 B\u00fassola (solo)<br \/>\u2022 1 Aparelho Celular lacrado para a equipe<br \/>\u2022 Kit de Primeiros-Socorros<br \/>\u2022 Apito \u2022 Lanterna com pilhas reserva<br \/>\u2022 Cobertor de emerg\u00eancia<br \/>\u2022 L\u00e2mpada estrobosc\u00f3pica vermelhas (equipamento obrigat\u00f3rios e deve estar afixada na bike).<\/p>\t\t\t\t\t\t<\/div>\n\t\t\t\t<\/div>\n\t\t\t\t<\/div>\n\t\t\t\t\t<\/div>\n\t\t\t\t<\/div>\n\t\t<div class=\"elementor-element elementor-element-60cc1e2 e-flex e-con-boxed e-con e-parent\" data-id=\"60cc1e2\" data-element_type=\"container\" data-settings=\"{&quot;content_width&quot;:&quot;boxed&quot;}\" data-core-v316-plus=\"true\">\n\t\t\t\t\t<div class=\"e-con-inner\">\n\t\t<div class=\"elementor-element elementor-element-fa3ad80 e-con-full e-flex e-con e-child\" data-id=\"fa3ad80\" data-element_type=\"container\" data-settings=\"{&quot;content_width&quot;:&quot;full&quot;}\">\n\t\t\t\t<div class=\"elementor-element elementor-element-22f7f3d elementor-widget elementor-widget-text-editor\" data-id=\"22f7f3d\" data-element_type=\"widget\" data-widget_type=\"text-editor.default\">\n\t\t\t\t<div class=\"elementor-widget-container\">\n\t\t\t\t\t\t\t<p><strong>Mountain Bike (por atleta)<\/strong><br \/>\u2022 Mountain Bike<br \/>\u2022 Capacete<br \/>\u2022 Luvas (obrigat\u00f3rio o uso durante o percurso de trekking e MTB)<br \/>\u2022 \u00d3culos (obrigat\u00f3rio o uso durante o percurso de trekking e MTB).<\/p>\t\t\t\t\t\t<\/div>\n\t\t\t\t<\/div>\n\t\t\t\t<\/div>\n\t\t<div class=\"elementor-element elementor-element-e5907cf e-con-full e-flex e-con e-child\" data-id=\"e5907cf\" data-element_type=\"container\" data-settings=\"{&quot;content_width&quot;:&quot;full&quot;}\">\n\t\t\t\t<div class=\"elementor-element elementor-element-11c3e6b elementor-widget elementor-widget-text-editor\" data-id=\"11c3e6b\" data-element_type=\"widget\" data-widget_type=\"text-editor.default\">\n\t\t\t\t<div class=\"elementor-widget-container\">\n\t\t\t\t\t\t\t<p><strong>Canoagem<\/strong><br \/>\u2022 Capacete (pode ser de mountain bike)<br \/>\u2022 Colete salva-vida para corredeiras \u2013 flutuabilidade PFD 4** (dispon\u00edvel para loca\u00e7\u00e3o).<br \/>Obs.: Ducks e remos fornecidos pela organiza\u00e7\u00e3o.<\/p>\t\t\t\t\t\t<\/div>\n\t\t\t\t<\/div>\n\t\t\t\t<\/div>\n\t\t<div class=\"elementor-element elementor-element-ddf7eb8 e-con-full e-flex e-con e-child\" data-id=\"ddf7eb8\" data-element_type=\"container\" data-settings=\"{&quot;content_width&quot;:&quot;full&quot;}\">\n\t\t\t\t<div class=\"elementor-element elementor-element-d580fa9 elementor-widget elementor-widget-text-editor\" data-id=\"d580fa9\" data-element_type=\"widget\" data-widget_type=\"text-editor.default\">\n\t\t\t\t<div class=\"elementor-widget-container\">\n\t\t\t\t\t\t\t<p><strong>Alimenta\u00e7\u00e3o<\/strong><br \/>As equipes dever\u00e3o ser totalmente auto-suficientes e ser\u00e3o elas mesmas respons\u00e1veis pela comida e bebida durante toda a dura\u00e7\u00e3o da prova. Aconselhamos a todos que levem dinheiro.<br \/>Obs.: Objetos de uso pessoal devem ser levados como para um fim-de-semana normal fora de S\u00e3o Paulo (toalha, kit de higiene pessoal, etc).<\/p>\t\t\t\t\t\t<\/div>\n\t\t\t\t<\/div>\n\t\t\t\t<\/div>\n\t\t<div class=\"elementor-element elementor-element-62439eb e-con-full e-flex e-con e-child\" data-id=\"62439eb\" data-element_type=\"container\" data-settings=\"{&quot;content_width&quot;:&quot;full&quot;}\">\n\t\t\t\t<div class=\"elementor-element elementor-element-13decf4 elementor-widget elementor-widget-text-editor\" data-id=\"13decf4\" data-element_type=\"widget\" data-widget_type=\"text-editor.default\">\n\t\t\t\t<div class=\"elementor-widget-container\">\n\t\t\t\t\t\t\t<p><strong>Equipamentos Proibidos<\/strong><br \/>Armas (qualquer outra faca que n\u00e3o seja a obrigat\u00f3ria), qualquer outro meio de transporte que n\u00e3o seja o especificado pela organiza\u00e7\u00e3o, GPS e qualquer outro equipamento de orienta\u00e7\u00e3o eletr\u00f4nica e qualquer equipamento de comunica\u00e7\u00e3o. Fica permitido o uso de rel\u00f3gios com b\u00fassola e alt\u00edmetro.<\/p>\t\t\t\t\t\t<\/div>\n\t\t\t\t<\/div>\n\t\t\t\t<\/div>\n\t\t\t\t\t<\/div>\n\t\t\t\t<\/div>\n\t\t<div class=\"elementor-element elementor-element-f96a17e e-flex e-con-boxed e-con e-parent\" data-id=\"f96a17e\" data-element_type=\"container\" data-settings=\"{&quot;content_width&quot;:&quot;boxed&quot;}\" data-core-v316-plus=\"true\">\n\t\t\t\t\t<div class=\"e-con-inner\">\n\t\t\t\t<div class=\"elementor-element elementor-element-8a5d747 elementor-widget elementor-widget-text-editor\" data-id=\"8a5d747\" data-element_type=\"widget\" data-widget_type=\"text-editor.default\">\n\t\t\t\t<div class=\"elementor-widget-container\">\n\t\t\t\t\t\t\t<p><strong>FALTA DE EQUIPAMENTOS<\/strong><br \/>Caso a equipe (quarteto\/ dupla\/ solo) tenha dificuldade para conseguir qualquer equipamento, dever\u00e3o entrar em contato com a organiza\u00e7\u00e3o com anteced\u00eancia, pois esta ajudar\u00e1 na solu\u00e7\u00e3o do problema. Nenhuma Equipe dever\u00e1 desistir de participar da prova por falta de equipamentos, sem antes consultar os organizadores.<\/p>\t\t\t\t\t\t<\/div>\n\t\t\t\t<\/div>\n\t\t\t\t<div class=\"elementor-element elementor-element-445c746 elementor-widget-divider--view-line elementor-widget elementor-widget-divider\" data-id=\"445c746\" data-element_type=\"widget\" data-widget_type=\"divider.default\">\n\t\t\t\t<div class=\"elementor-widget-container\">\n\t\t\t<style>\/*! elementor - v3.19.0 - 07-02-2024 *\/\n.elementor-widget-divider{--divider-border-style:none;--divider-border-width:1px;--divider-color:#0c0d0e;--divider-icon-size:20px;--divider-element-spacing:10px;--divider-pattern-height:24px;--divider-pattern-size:20px;--divider-pattern-url:none;--divider-pattern-repeat:repeat-x}.elementor-widget-divider .elementor-divider{display:flex}.elementor-widget-divider .elementor-divider__text{font-size:15px;line-height:1;max-width:95%}.elementor-widget-divider .elementor-divider__element{margin:0 var(--divider-element-spacing);flex-shrink:0}.elementor-widget-divider .elementor-icon{font-size:var(--divider-icon-size)}.elementor-widget-divider .elementor-divider-separator{display:flex;margin:0;direction:ltr}.elementor-widget-divider--view-line_icon .elementor-divider-separator,.elementor-widget-divider--view-line_text .elementor-divider-separator{align-items:center}.elementor-widget-divider--view-line_icon .elementor-divider-separator:after,.elementor-widget-divider--view-line_icon .elementor-divider-separator:before,.elementor-widget-divider--view-line_text .elementor-divider-separator:after,.elementor-widget-divider--view-line_text .elementor-divider-separator:before{display:block;content:\"\";border-block-end:0;flex-grow:1;border-block-start:var(--divider-border-width) var(--divider-border-style) var(--divider-color)}.elementor-widget-divider--element-align-left .elementor-divider .elementor-divider-separator>.elementor-divider__svg:first-of-type{flex-grow:0;flex-shrink:100}.elementor-widget-divider--element-align-left .elementor-divider-separator:before{content:none}.elementor-widget-divider--element-align-left .elementor-divider__element{margin-left:0}.elementor-widget-divider--element-align-right .elementor-divider .elementor-divider-separator>.elementor-divider__svg:last-of-type{flex-grow:0;flex-shrink:100}.elementor-widget-divider--element-align-right .elementor-divider-separator:after{content:none}.elementor-widget-divider--element-align-right .elementor-divider__element{margin-right:0}.elementor-widget-divider--element-align-start .elementor-divider .elementor-divider-separator>.elementor-divider__svg:first-of-type{flex-grow:0;flex-shrink:100}.elementor-widget-divider--element-align-start .elementor-divider-separator:before{content:none}.elementor-widget-divider--element-align-start .elementor-divider__element{margin-inline-start:0}.elementor-widget-divider--element-align-end .elementor-divider .elementor-divider-separator>.elementor-divider__svg:last-of-type{flex-grow:0;flex-shrink:100}.elementor-widget-divider--element-align-end .elementor-divider-separator:after{content:none}.elementor-widget-divider--element-align-end .elementor-divider__element{margin-inline-end:0}.elementor-widget-divider:not(.elementor-widget-divider--view-line_text):not(.elementor-widget-divider--view-line_icon) .elementor-divider-separator{border-block-start:var(--divider-border-width) var(--divider-border-style) var(--divider-color)}.elementor-widget-divider--separator-type-pattern{--divider-border-style:none}.elementor-widget-divider--separator-type-pattern.elementor-widget-divider--view-line .elementor-divider-separator,.elementor-widget-divider--separator-type-pattern:not(.elementor-widget-divider--view-line) .elementor-divider-separator:after,.elementor-widget-divider--separator-type-pattern:not(.elementor-widget-divider--view-line) .elementor-divider-separator:before,.elementor-widget-divider--separator-type-pattern:not([class*=elementor-widget-divider--view]) .elementor-divider-separator{width:100%;min-height:var(--divider-pattern-height);-webkit-mask-size:var(--divider-pattern-size) 100%;mask-size:var(--divider-pattern-size) 100%;-webkit-mask-repeat:var(--divider-pattern-repeat);mask-repeat:var(--divider-pattern-repeat);background-color:var(--divider-color);-webkit-mask-image:var(--divider-pattern-url);mask-image:var(--divider-pattern-url)}.elementor-widget-divider--no-spacing{--divider-pattern-size:auto}.elementor-widget-divider--bg-round{--divider-pattern-repeat:round}.rtl .elementor-widget-divider .elementor-divider__text{direction:rtl}.e-con-inner>.elementor-widget-divider,.e-con>.elementor-widget-divider{width:var(--container-widget-width,100%);--flex-grow:var(--container-widget-flex-grow)}<\/style>\t\t<div class=\"elementor-divider\">\n\t\t\t<span class=\"elementor-divider-separator\">\n\t\t\t\t\t\t<\/span>\n\t\t<\/div>\n\t\t\t\t<\/div>\n\t\t\t\t<\/div>\n\t\t\t\t<div class=\"elementor-element elementor-element-4d17c5a elementor-widget elementor-widget-heading\" data-id=\"4d17c5a\" data-element_type=\"widget\" data-widget_type=\"heading.default\">\n\t\t\t\t<div class=\"elementor-widget-container\">\n\t\t\t<h3 class=\"elementor-heading-title elementor-size-default\">Adventure Kids<\/h3>\t\t<\/div>\n\t\t\t\t<\/div>\n\t\t\t\t<div class=\"elementor-element elementor-element-fd00692 elementor-widget elementor-widget-text-editor\" data-id=\"fd00692\" data-element_type=\"widget\" data-widget_type=\"text-editor.default\">\n\t\t\t\t<div class=\"elementor-widget-container\">\n\t\t\t\t\t\t\t<p>\u2022 Bicicleta, luva, capacete, capa de chuva, bon\u00e9, mochila pequena, colete salva-vidas (fornecido pela organiza\u00e7\u00e3o), repelente (recipiente pequeno), protetor solar (recipiente pequeno) e muda de roupas limpas e secas, com agasalho em uma sacola separada. Lanchinho, sandubas, frutas e barras.<\/p><p><br \/><strong>Aten\u00e7\u00e3o! <\/strong><\/p><p>As mochilas n\u00e3o podem estar muito pesadas.<br \/>Todas as atividades t\u00eam o acompanhamento de uma equipe m\u00e9dica. A seguran\u00e7a de todos \u00e9 nossa prioridade.<br \/>Em caso de picadas de insetos, abelhas ou formigas, os instrutores possuem antial\u00e9rgicos e est\u00e3o instru\u00eddos para administra\u00e7\u00e3o oral na preven\u00e7\u00e3o de qualquer manifesta\u00e7\u00e3o al\u00e9rgica mais grave.<\/p>\t\t\t\t\t\t<\/div>\n\t\t\t\t<\/div>\n\t\t\t\t\t<\/div>\n\t\t\t\t<\/div>\n\t\t\t\t<\/div>\n\t\t","protected":false},"excerpt":{"rendered":"<p>Equipamentos Obrigat\u00f3rios Cada Equipe dever\u00e1 estar de posse dos equipamentos abaixo, nos trechos indicados e devem estar preparadas para apresent\u00e1-los aos Fiscais de PC (Posto de Controle) a qualquer momento. Kit primeiros socorros (por atleta)\u2022 3 comprimidos de anti-histam\u00ednico \/ antial\u00e9rgico\u2022 3 comprimidos de anti-inflamat\u00f3rio\u2022 3 comprimidos de analg\u00e9sico\u2022 2 pacotes de gaze\u2022 1 rolo&hellip;&nbsp;<a href=\"https:\/\/adventurecamp.com.br\/2024\/sobre\/equipamentos-camp\/\" class=\"\" rel=\"bookmark\">Ler mais &raquo;<span class=\"screen-reader-text\">Equipamentos camp<\/span><\/a><\/p>\n","protected":false},"author":2,"featured_media":0,"parent":498,"menu_order":0,"comment_status":"closed","ping_status":"closed","template":"page-templates\/template-pagebuilder-full-width.php","meta":{"neve_meta_sidebar":"","neve_meta_container":"","neve_meta_enable_content_width":"","neve_meta_content_width":0,"neve_meta_title_alignment":"","neve_meta_author_avatar":"","neve_post_elements_order":"","neve_meta_disable_header":"","neve_meta_disable_footer":"","neve_meta_disable_title":"","neve_meta_reading_time":"","_themeisle_gutenberg_block_has_review":false,"_ti_tpc_template_sync":false,"_ti_tpc_template_id":"","footnotes":""},"class_list":["post-348","page","type-page","status-publish","hentry"],"_links":{"self":[{"href":"https:\/\/adventurecamp.com.br\/2024\/wp-json\/wp\/v2\/pages\/348","targetHints":{"allow":["GET"]}}],"collection":[{"href":"https:\/\/adventurecamp.com.br\/2024\/wp-json\/wp\/v2\/pages"}],"about":[{"href":"https:\/\/adventurecamp.com.br\/2024\/wp-json\/wp\/v2\/types\/page"}],"author":[{"embeddable":true,"href":"https:\/\/adventurecamp.com.br\/2024\/wp-json\/wp\/v2\/users\/2"}],"replies":[{"embeddable":true,"href":"https:\/\/adventurecamp.com.br\/2024\/wp-json\/wp\/v2\/comments?post=348"}],"version-history":[{"count":10,"href":"https:\/\/adventurecamp.com.br\/2024\/wp-json\/wp\/v2\/pages\/348\/revisions"}],"predecessor-version":[{"id":360,"href":"https:\/\/adventurecamp.com.br\/2024\/wp-json\/wp\/v2\/pages\/348\/revisions\/360"}],"up":[{"embeddable":true,"href":"https:\/\/adventurecamp.com.br\/2024\/wp-json\/wp\/v2\/pages\/498"}],"wp:attachment":[{"href":"https:\/\/adventurecamp.com.br\/2024\/wp-json\/wp\/v2\/media?parent=348"}],"curies":[{"name":"wp","href":"https:\/\/api.w.org\/{rel}","templated":true}]}}