{"id":153,"date":"2024-02-16T21:01:44","date_gmt":"2024-02-16T21:01:44","guid":{"rendered":"https:\/\/adventurecamp.com.br\/2024\/?page_id=153"},"modified":"2024-12-11T18:18:22","modified_gmt":"2024-12-11T18:18:22","slug":"quem-somos","status":"publish","type":"page","link":"https:\/\/adventurecamp.com.br\/2024\/quem-somos\/","title":{"rendered":"Quem Somos"},"content":{"rendered":"\t\t<div data-elementor-type=\"wp-page\" data-elementor-id=\"153\" class=\"elementor elementor-153\" data-elementor-post-type=\"page\">\n\t\t\t\t<div class=\"elementor-element elementor-element-6e87eb1 e-flex e-con-boxed e-con e-parent\" data-id=\"6e87eb1\" data-element_type=\"container\" data-settings=\"{&quot;content_width&quot;:&quot;boxed&quot;}\" data-core-v316-plus=\"true\">\n\t\t\t\t\t<div class=\"e-con-inner\">\n\t\t\t\t<div class=\"elementor-element elementor-element-2fe1c4f elementor-widget elementor-widget-heading\" data-id=\"2fe1c4f\" data-element_type=\"widget\" data-widget_type=\"heading.default\">\n\t\t\t\t<div class=\"elementor-widget-container\">\n\t\t\t<style>\/*! elementor - v3.19.0 - 07-02-2024 *\/\n.elementor-heading-title{padding:0;margin:0;line-height:1}.elementor-widget-heading .elementor-heading-title[class*=elementor-size-]>a{color:inherit;font-size:inherit;line-height:inherit}.elementor-widget-heading .elementor-heading-title.elementor-size-small{font-size:15px}.elementor-widget-heading .elementor-heading-title.elementor-size-medium{font-size:19px}.elementor-widget-heading .elementor-heading-title.elementor-size-large{font-size:29px}.elementor-widget-heading .elementor-heading-title.elementor-size-xl{font-size:39px}.elementor-widget-heading .elementor-heading-title.elementor-size-xxl{font-size:59px}<\/style><h2 class=\"elementor-heading-title elementor-size-default\">Hist\u00f3ria<\/h2>\t\t<\/div>\n\t\t\t\t<\/div>\n\t\t\t\t<div class=\"elementor-element elementor-element-6410440 elementor-widget elementor-widget-text-editor\" data-id=\"6410440\" data-element_type=\"widget\" data-widget_type=\"text-editor.default\">\n\t\t\t\t<div class=\"elementor-widget-container\">\n\t\t\t<style>\/*! elementor - v3.19.0 - 07-02-2024 *\/\n.elementor-widget-text-editor.elementor-drop-cap-view-stacked .elementor-drop-cap{background-color:#69727d;color:#fff}.elementor-widget-text-editor.elementor-drop-cap-view-framed .elementor-drop-cap{color:#69727d;border:3px solid;background-color:transparent}.elementor-widget-text-editor:not(.elementor-drop-cap-view-default) .elementor-drop-cap{margin-top:8px}.elementor-widget-text-editor:not(.elementor-drop-cap-view-default) .elementor-drop-cap-letter{width:1em;height:1em}.elementor-widget-text-editor .elementor-drop-cap{float:left;text-align:center;line-height:1;font-size:50px}.elementor-widget-text-editor .elementor-drop-cap-letter{display:inline-block}<\/style>\t\t\t\t<p>A empresa Adventure Camp nasceu a partir do ideal de popularizar os esportes de aventura, em especial a corrida de aventura.<br \/>Com mais de 20 anos de exist\u00eancia, a empresa encontra-se consolidada e bem conceituada no segmento.<br \/>A cada ano, a busca pelo esporte na natureza, como fuga para a rotina da sociedade, bem como o crescimento geral do segmento, mostrou que o esporte na natureza transforma as pessoas.<br \/>Com o intuito de fomentar a pr\u00e1tica esportiva, especialmente sob as modalidades de Corrida de Aventura e Corrida de Montanha, em outubro de 2007 foi criada a AdventureClub.<br \/>Trata-se de uma associa\u00e7\u00e3o civil sem fins lucrativos, que com parcerias com o Governo, Estado e Prefeitura, incentiva a conscientiza\u00e7\u00e3o da popula\u00e7\u00e3o sobre a import\u00e2ncia das atividades desportivas, al\u00e9m de difundir a id\u00e9ia do desenvolvimento sustent\u00e1vel e da prote\u00e7\u00e3o ambiental.<\/p>\t\t\t\t\t\t<\/div>\n\t\t\t\t<\/div>\n\t\t\t\t\t<\/div>\n\t\t\t\t<\/div>\n\t\t<div class=\"elementor-element elementor-element-e41ef48 e-flex e-con-boxed e-con e-parent\" data-id=\"e41ef48\" data-element_type=\"container\" data-settings=\"{&quot;background_background&quot;:&quot;classic&quot;,&quot;content_width&quot;:&quot;boxed&quot;}\" data-core-v316-plus=\"true\">\n\t\t\t\t\t<div class=\"e-con-inner\">\n\t\t\t\t<div class=\"elementor-element elementor-element-bd3ecfd obfx-position-top elementor-widget elementor-widget-obfx-services\" data-id=\"bd3ecfd\" data-element_type=\"widget\" data-widget_type=\"obfx-services.default\">\n\t\t\t\t<div class=\"elementor-widget-container\">\n\t\t\t<div class=\"obfx-grid\"><div class=\"obfx-grid-container obfx-grid-desktop-3\">\t\t\t<div class=\"obfx-grid-wrapper\">\n\t\t\t\t\t\t\t\t<div class=\"obfx-service-box obfx-grid-col\">\n\t\t\t\t\t\t\t\t\t\t\t<div class=\"obfx-service-box-content\">\n\t\t\t\t\t\t\t\t\t\t\t\t\t\t\t<h4 class=\"obfx-service-title\">MISS\u00c3O<\/h4>\n\t\t\t\t\t\t\t\t\t\t\t\t\t\t\t\t<p class=\"obfx-service-text\">Atender e satisfazer com excel\u00eancia o mercado interessado em eventos relacionados \u00e0 aventura, provendo experi\u00eancias seguras e enriquecedoras.<\/p>\n\t\t\t\t\t\t\t\t\t\t\t\t\t<\/div>\n\t\t\t\t\t\t\t\t\t<\/div>\n\t\t\t\t<\/a>\t\t\t<\/div>\n\t\t\t\t\t\t<div class=\"obfx-grid-wrapper\">\n\t\t\t\t\t\t\t\t<div class=\"obfx-service-box obfx-grid-col\">\n\t\t\t\t\t<span class=\"obfx-icon-wrap\"><i class=\"obfx-icon \" aria-hidden=\"true\" style=\"color:#333333\"><\/i><\/span>\t\t\t\t\t\t<div class=\"obfx-service-box-content\">\n\t\t\t\t\t\t\t\t\t\t\t\t\t\t\t<h4 class=\"obfx-service-title\">VIS\u00c3O<\/h4>\n\t\t\t\t\t\t\t\t\t\t\t\t\t\t\t\t<p class=\"obfx-service-text\">Ser o referencial brasileiro para eventos de aventura e desenvolvimento pessoal atrav\u00e9s dela.<\/p>\n\t\t\t\t\t\t\t\t\t\t\t\t\t<\/div>\n\t\t\t\t\t\t\t\t\t<\/div>\n\t\t\t\t<\/a>\t\t\t<\/div>\n\t\t\t\t\t\t<div class=\"obfx-grid-wrapper\">\n\t\t\t\t\t\t\t\t<div class=\"obfx-service-box obfx-grid-col\">\n\t\t\t\t\t<span class=\"obfx-icon-wrap\"><i class=\"obfx-icon \" aria-hidden=\"true\" style=\"color:#333333\"><\/i><\/span>\t\t\t\t\t\t<div class=\"obfx-service-box-content\">\n\t\t\t\t\t\t\t\t\t\t\t\t\t\t\t<h4 class=\"obfx-service-title\">VALORES<\/h4>\n\t\t\t\t\t\t\t\t\t\t\t\t\t\t\t\t<p class=\"obfx-service-text\">Paix\u00e3o pelo que fazemos e foco no cliente | Inova\u00e7\u00e3o e criatividade | Padr\u00f5es r\u00edgidos de seguran\u00e7a | Respeito, honestidade e integridade | Supera\u00e7\u00e3o e perseveran\u00e7a | Adrenalina e divers\u00e3o | \u00c9tica ambiental.<\/p>\n\t\t\t\t\t\t\t\t\t\t\t\t\t<\/div>\n\t\t\t\t\t\t\t\t\t<\/div>\n\t\t\t\t<\/a>\t\t\t<\/div>\n\t\t\t<\/div><\/div>\t\t<\/div>\n\t\t\t\t<\/div>\n\t\t\t\t\t<\/div>\n\t\t\t\t<\/div>\n\t\t<div class=\"elementor-element elementor-element-65ed77f e-flex e-con-boxed e-con e-parent\" data-id=\"65ed77f\" data-element_type=\"container\" data-settings=\"{&quot;content_width&quot;:&quot;boxed&quot;}\" data-core-v316-plus=\"true\">\n\t\t\t\t\t<div class=\"e-con-inner\">\n\t\t\t\t<div class=\"elementor-element elementor-element-9542450 elementor-widget elementor-widget-neve_team_member\" data-id=\"9542450\" data-element_type=\"widget\" data-widget_type=\"neve_team_member.default\">\n\t\t\t\t<div class=\"elementor-widget-container\">\n\t\t\t<figure class=\"neb-member-figure \"><img decoding=\"async\" width=\"150\" height=\"150\" src=\"https:\/\/adventurecamp.com.br\/2024\/wp-content\/uploads\/2024\/02\/Zolino-1-150x150.png\" class=\"elementor-animation-disable-animation attachment-thumbnail size-thumbnail wp-image-687\" alt=\"\" srcset=\"https:\/\/adventurecamp.com.br\/2024\/wp-content\/uploads\/2024\/02\/Zolino-1-150x150.png 150w, https:\/\/adventurecamp.com.br\/2024\/wp-content\/uploads\/2024\/02\/Zolino-1-300x300.png 300w, https:\/\/adventurecamp.com.br\/2024\/wp-content\/uploads\/2024\/02\/Zolino-1.png 600w\" sizes=\"(max-width: 150px) 100vw, 150px\" \/><\/figure><div class=\"neb-member-body\"><h2 class=\"neb-member-name\">S\u00e9rgio Zolino<\/h2><div class=\"neb-member-bio\"><p>Administrador de empresas, atleta profissional e criador do Adventure Camp, Zolino \u00e9 fundamentalmente uma pessoa apaixonada por esportes, pela aventura e pela supera\u00e7\u00e3o de desafios. Participou do campeonato mundial de IronMan no Hava\u00ed v\u00e1rias vezes, algumas edi\u00e7\u00f5es do Expedi\u00e7\u00e3o Mata Atl\u00e2ntica, Eco-Challenge na Nova Zel\u00e2ndia, Desafio dos Vulc\u00f5es na Patag\u00f4nia, entre outras competi\u00e7\u00f5es. Atualmente, Zolino dedica seu tempo a compartilhar o seu conhecimento com pessoas interessadas em se iniciar no mundo das Corridas de Aventura, e a desenvolver programas corporativos criando oportunidades de desafio, supera\u00e7\u00e3o e muita aventura. E \u00e9 claro, continua buscando desafios em Corridas de Aventura pelo mundo!\nComo atleta completou 10 IRONMAN, 4 deles no mundial do Hawaii, e mais de 400 competi\u00e7\u00f5es de triathlons, corridas, MTB\u2019s e maratonas\u2026 Como corredor de aventura, tem 2 Eco-Challenges, Patag\u00f4nia e Nova Zelandia. Vice campe\u00e3o do Ecomotion Pr\u00f3 em 2003 e 2009. Mais de 150 provas de aventura no Brasil e no mundo.<\/p><\/div><div class=\"neb-member-links\"><a target=\"_blank\" rel=\"noopener\" href=\"mailto:z&#111;&#108;ino&#064;ad&#118;e&#110;tu&#114;e&#099;&#097;&#109;&#112;.com&#046;br\" class=\"elementor-repeater-item-8e0ea6b\"><i class=\"fas fa-envelope\" aria-hidden=\"true\"><\/i><\/a><\/div><\/div>\t\t<\/div>\n\t\t\t\t<\/div>\n\t\t\t\t\t<\/div>\n\t\t\t\t<\/div>\n\t\t\t\t<\/div>\n\t\t","protected":false},"excerpt":{"rendered":"<p>Hist\u00f3ria A empresa Adventure Camp nasceu a partir do ideal de popularizar os esportes de aventura, em especial a corrida de aventura.Com mais de 20 anos de exist\u00eancia, a empresa encontra-se consolidada e bem conceituada no segmento.A cada ano, a busca pelo esporte na natureza, como fuga para a rotina da sociedade, bem como o&hellip;&nbsp;<a href=\"https:\/\/adventurecamp.com.br\/2024\/quem-somos\/\" class=\"\" rel=\"bookmark\">Ler mais &raquo;<span class=\"screen-reader-text\">Quem Somos<\/span><\/a><\/p>\n","protected":false},"author":1,"featured_media":0,"parent":0,"menu_order":0,"comment_status":"closed","ping_status":"closed","template":"page-templates\/template-pagebuilder-full-width.php","meta":{"neve_meta_sidebar":"","neve_meta_container":"","neve_meta_enable_content_width":"","neve_meta_content_width":0,"neve_meta_title_alignment":"","neve_meta_author_avatar":"","neve_post_elements_order":"","neve_meta_disable_header":"","neve_meta_disable_footer":"","neve_meta_disable_title":"","neve_meta_reading_time":"","_themeisle_gutenberg_block_has_review":false,"_ti_tpc_template_sync":false,"_ti_tpc_template_id":"","footnotes":""},"class_list":["post-153","page","type-page","status-publish","hentry"],"_links":{"self":[{"href":"https:\/\/adventurecamp.com.br\/2024\/wp-json\/wp\/v2\/pages\/153","targetHints":{"allow":["GET"]}}],"collection":[{"href":"https:\/\/adventurecamp.com.br\/2024\/wp-json\/wp\/v2\/pages"}],"about":[{"href":"https:\/\/adventurecamp.com.br\/2024\/wp-json\/wp\/v2\/types\/page"}],"author":[{"embeddable":true,"href":"https:\/\/adventurecamp.com.br\/2024\/wp-json\/wp\/v2\/users\/1"}],"replies":[{"embeddable":true,"href":"https:\/\/adventurecamp.com.br\/2024\/wp-json\/wp\/v2\/comments?post=153"}],"version-history":[{"count":43,"href":"https:\/\/adventurecamp.com.br\/2024\/wp-json\/wp\/v2\/pages\/153\/revisions"}],"predecessor-version":[{"id":4172,"href":"https:\/\/adventurecamp.com.br\/2024\/wp-json\/wp\/v2\/pages\/153\/revisions\/4172"}],"wp:attachment":[{"href":"https:\/\/adventurecamp.com.br\/2024\/wp-json\/wp\/v2\/media?parent=153"}],"curies":[{"name":"wp","href":"https:\/\/api.w.org\/{rel}","templated":true}]}}