{"id":1519,"date":"2024-03-10T14:56:57","date_gmt":"2024-03-10T14:56:57","guid":{"rendered":"https:\/\/adventurecamp.com.br\/2024\/?page_id=1519"},"modified":"2025-10-05T23:29:59","modified_gmt":"2025-10-05T23:29:59","slug":"resultadosefotos","status":"publish","type":"page","link":"https:\/\/adventurecamp.com.br\/2024\/desafiodasserras\/resultadosefotos\/","title":{"rendered":"Resultados e fotos"},"content":{"rendered":"\t\t<div data-elementor-type=\"wp-page\" data-elementor-id=\"1519\" class=\"elementor elementor-1519\" data-elementor-post-type=\"page\">\n\t\t\t\t<div class=\"elementor-element elementor-element-5d6cc9d e-flex e-con-boxed e-con e-parent\" data-id=\"5d6cc9d\" data-element_type=\"container\" data-settings=\"{&quot;background_background&quot;:&quot;classic&quot;,&quot;content_width&quot;:&quot;boxed&quot;}\" data-core-v316-plus=\"true\">\n\t\t\t\t\t<div class=\"e-con-inner\">\n\t\t\t\t<div class=\"elementor-element elementor-element-ccb71ef elementor-widget-divider--view-line elementor-widget elementor-widget-divider\" data-id=\"ccb71ef\" data-element_type=\"widget\" data-widget_type=\"divider.default\">\n\t\t\t\t<div class=\"elementor-widget-container\">\n\t\t\t<style>\/*! elementor - v3.19.0 - 07-02-2024 *\/\n.elementor-widget-divider{--divider-border-style:none;--divider-border-width:1px;--divider-color:#0c0d0e;--divider-icon-size:20px;--divider-element-spacing:10px;--divider-pattern-height:24px;--divider-pattern-size:20px;--divider-pattern-url:none;--divider-pattern-repeat:repeat-x}.elementor-widget-divider .elementor-divider{display:flex}.elementor-widget-divider .elementor-divider__text{font-size:15px;line-height:1;max-width:95%}.elementor-widget-divider .elementor-divider__element{margin:0 var(--divider-element-spacing);flex-shrink:0}.elementor-widget-divider .elementor-icon{font-size:var(--divider-icon-size)}.elementor-widget-divider .elementor-divider-separator{display:flex;margin:0;direction:ltr}.elementor-widget-divider--view-line_icon .elementor-divider-separator,.elementor-widget-divider--view-line_text .elementor-divider-separator{align-items:center}.elementor-widget-divider--view-line_icon .elementor-divider-separator:after,.elementor-widget-divider--view-line_icon .elementor-divider-separator:before,.elementor-widget-divider--view-line_text .elementor-divider-separator:after,.elementor-widget-divider--view-line_text .elementor-divider-separator:before{display:block;content:\"\";border-block-end:0;flex-grow:1;border-block-start:var(--divider-border-width) var(--divider-border-style) var(--divider-color)}.elementor-widget-divider--element-align-left .elementor-divider .elementor-divider-separator>.elementor-divider__svg:first-of-type{flex-grow:0;flex-shrink:100}.elementor-widget-divider--element-align-left .elementor-divider-separator:before{content:none}.elementor-widget-divider--element-align-left .elementor-divider__element{margin-left:0}.elementor-widget-divider--element-align-right .elementor-divider .elementor-divider-separator>.elementor-divider__svg:last-of-type{flex-grow:0;flex-shrink:100}.elementor-widget-divider--element-align-right .elementor-divider-separator:after{content:none}.elementor-widget-divider--element-align-right .elementor-divider__element{margin-right:0}.elementor-widget-divider--element-align-start .elementor-divider .elementor-divider-separator>.elementor-divider__svg:first-of-type{flex-grow:0;flex-shrink:100}.elementor-widget-divider--element-align-start .elementor-divider-separator:before{content:none}.elementor-widget-divider--element-align-start .elementor-divider__element{margin-inline-start:0}.elementor-widget-divider--element-align-end .elementor-divider .elementor-divider-separator>.elementor-divider__svg:last-of-type{flex-grow:0;flex-shrink:100}.elementor-widget-divider--element-align-end .elementor-divider-separator:after{content:none}.elementor-widget-divider--element-align-end .elementor-divider__element{margin-inline-end:0}.elementor-widget-divider:not(.elementor-widget-divider--view-line_text):not(.elementor-widget-divider--view-line_icon) .elementor-divider-separator{border-block-start:var(--divider-border-width) var(--divider-border-style) var(--divider-color)}.elementor-widget-divider--separator-type-pattern{--divider-border-style:none}.elementor-widget-divider--separator-type-pattern.elementor-widget-divider--view-line .elementor-divider-separator,.elementor-widget-divider--separator-type-pattern:not(.elementor-widget-divider--view-line) .elementor-divider-separator:after,.elementor-widget-divider--separator-type-pattern:not(.elementor-widget-divider--view-line) .elementor-divider-separator:before,.elementor-widget-divider--separator-type-pattern:not([class*=elementor-widget-divider--view]) .elementor-divider-separator{width:100%;min-height:var(--divider-pattern-height);-webkit-mask-size:var(--divider-pattern-size) 100%;mask-size:var(--divider-pattern-size) 100%;-webkit-mask-repeat:var(--divider-pattern-repeat);mask-repeat:var(--divider-pattern-repeat);background-color:var(--divider-color);-webkit-mask-image:var(--divider-pattern-url);mask-image:var(--divider-pattern-url)}.elementor-widget-divider--no-spacing{--divider-pattern-size:auto}.elementor-widget-divider--bg-round{--divider-pattern-repeat:round}.rtl .elementor-widget-divider .elementor-divider__text{direction:rtl}.e-con-inner>.elementor-widget-divider,.e-con>.elementor-widget-divider{width:var(--container-widget-width,100%);--flex-grow:var(--container-widget-flex-grow)}<\/style>\t\t<div class=\"elementor-divider\">\n\t\t\t<span class=\"elementor-divider-separator\">\n\t\t\t\t\t\t<\/span>\n\t\t<\/div>\n\t\t\t\t<\/div>\n\t\t\t\t<\/div>\n\t\t\t\t<div class=\"elementor-element elementor-element-7a4f63f elementor-widget elementor-widget-heading\" data-id=\"7a4f63f\" data-element_type=\"widget\" data-widget_type=\"heading.default\">\n\t\t\t\t<div class=\"elementor-widget-container\">\n\t\t\t<style>\/*! elementor - v3.19.0 - 07-02-2024 *\/\n.elementor-heading-title{padding:0;margin:0;line-height:1}.elementor-widget-heading .elementor-heading-title[class*=elementor-size-]>a{color:inherit;font-size:inherit;line-height:inherit}.elementor-widget-heading .elementor-heading-title.elementor-size-small{font-size:15px}.elementor-widget-heading .elementor-heading-title.elementor-size-medium{font-size:19px}.elementor-widget-heading .elementor-heading-title.elementor-size-large{font-size:29px}.elementor-widget-heading .elementor-heading-title.elementor-size-xl{font-size:39px}.elementor-widget-heading .elementor-heading-title.elementor-size-xxl{font-size:59px}<\/style><h2 class=\"elementor-heading-title elementor-size-default\"><a href=\"https:\/\/liberdadeemfoco.fotop.com.br\/fotos\/eventos\/index\/evento\/175206\">Fotos<\/a><\/h2>\t\t<\/div>\n\t\t\t\t<\/div>\n\t\t\t\t<div class=\"elementor-element elementor-element-df7e0fa elementor-widget elementor-widget-image\" data-id=\"df7e0fa\" data-element_type=\"widget\" data-widget_type=\"image.default\">\n\t\t\t\t<div class=\"elementor-widget-container\">\n\t\t\t<style>\/*! elementor - v3.19.0 - 07-02-2024 *\/\n.elementor-widget-image{text-align:center}.elementor-widget-image a{display:inline-block}.elementor-widget-image a img[src$=\".svg\"]{width:48px}.elementor-widget-image img{vertical-align:middle;display:inline-block}<\/style>\t\t\t\t\t\t\t\t\t\t\t<a href=\"https:\/\/liberdadeemfoco.fotop.com.br\/fotos\/eventos\/index\/evento\/175206\">\n\t\t\t\t\t\t\t<img decoding=\"async\" width=\"200\" height=\"53\" src=\"https:\/\/adventurecamp.com.br\/2024\/wp-content\/uploads\/2024\/03\/fotop-200x53-1.png\" class=\"attachment-large size-large wp-image-1534\" alt=\"\" \/>\t\t\t\t\t\t\t\t<\/a>\n\t\t\t\t\t\t\t\t\t\t\t\t\t<\/div>\n\t\t\t\t<\/div>\n\t\t\t\t\t<\/div>\n\t\t\t\t<\/div>\n\t\t<div class=\"elementor-element elementor-element-70351ad e-flex e-con-boxed e-con e-parent\" data-id=\"70351ad\" data-element_type=\"container\" data-settings=\"{&quot;background_background&quot;:&quot;classic&quot;,&quot;content_width&quot;:&quot;boxed&quot;}\" data-core-v316-plus=\"true\">\n\t\t\t\t\t<div class=\"e-con-inner\">\n\t\t\t\t<div class=\"elementor-element elementor-element-fe97707 elementor-widget-divider--view-line elementor-widget elementor-widget-divider\" data-id=\"fe97707\" data-element_type=\"widget\" data-widget_type=\"divider.default\">\n\t\t\t\t<div class=\"elementor-widget-container\">\n\t\t\t\t\t<div class=\"elementor-divider\">\n\t\t\t<span class=\"elementor-divider-separator\">\n\t\t\t\t\t\t<\/span>\n\t\t<\/div>\n\t\t\t\t<\/div>\n\t\t\t\t<\/div>\n\t\t\t\t<div class=\"elementor-element elementor-element-bd5fb66 elementor-widget elementor-widget-heading\" data-id=\"bd5fb66\" data-element_type=\"widget\" data-widget_type=\"heading.default\">\n\t\t\t\t<div class=\"elementor-widget-container\">\n\t\t\t<h2 class=\"elementor-heading-title elementor-size-default\">Resultados<\/h2>\t\t<\/div>\n\t\t\t\t<\/div>\n\t\t\t\t<div class=\"elementor-element elementor-element-05c8fa1 elementor-widget elementor-widget-text-editor\" data-id=\"05c8fa1\" data-element_type=\"widget\" data-widget_type=\"text-editor.default\">\n\t\t\t\t<div class=\"elementor-widget-container\">\n\t\t\t<style>\/*! elementor - v3.19.0 - 07-02-2024 *\/\n.elementor-widget-text-editor.elementor-drop-cap-view-stacked .elementor-drop-cap{background-color:#69727d;color:#fff}.elementor-widget-text-editor.elementor-drop-cap-view-framed .elementor-drop-cap{color:#69727d;border:3px solid;background-color:transparent}.elementor-widget-text-editor:not(.elementor-drop-cap-view-default) .elementor-drop-cap{margin-top:8px}.elementor-widget-text-editor:not(.elementor-drop-cap-view-default) .elementor-drop-cap-letter{width:1em;height:1em}.elementor-widget-text-editor .elementor-drop-cap{float:left;text-align:center;line-height:1;font-size:50px}.elementor-widget-text-editor .elementor-drop-cap-letter{display:inline-block}<\/style>\t\t\t\t<p>\u2022 2025 \u2022 Desafio das Serras Ultramaratona : 6, 12, 21 e 42Km, 40,80 e 100km\u2013 Etapa S\u00e3o Bento do Sapuca\u00ed ,SP: \u00a0<br \/><span style=\"color: #00ccff;\"><a style=\"color: #00ccff;\" href=\"https:\/\/adventurecamp.com.br\/2024\/wp-content\/uploads\/2025\/08\/Resultado-Sabado.pdf\" target=\"_blank\" rel=\"noopener\">Download S\u00e1bado<\/a><\/span> | <span style=\"color: #00ccff;\"><a style=\"color: #00ccff;\" href=\"https:\/\/www.polesportivo.com.br\/resultado.php?ev=1251\" target=\"_blank\" rel=\"noopener\">Certificado de participa\u00e7\u00e3o S\u00e1bado <\/a><\/span>| <span style=\"color: #00ccff;\"><a style=\"color: #00ccff;\" href=\"https:\/\/adventurecamp.com.br\/2024\/wp-content\/uploads\/2025\/08\/Resultados-Domingo.pdf\" target=\"_blank\" rel=\"noopener\">Download Domingo<\/a><\/span> | <span style=\"color: #00ccff;\"><a style=\"color: #00ccff;\" href=\"https:\/\/www.polesportivo.com.br\/resultado.php?ev=1252\" target=\"_blank\" rel=\"noopener\">Certificado de participa\u00e7\u00e3o Domingo<\/a><\/span><br \/>\u2022 2024 \u2022 Desafio das Serras 6, 12, 21 e 42Km \u2013 3\u00aa Etapa Taia\u00e7upeba &#8211; Mogi das Cruzes \/ SP \u2022 <span style=\"color: #00ccff;\"><a style=\"color: #00ccff;\" href=\"https:\/\/adventurecamp.com.br\/2024\/wp-content\/uploads\/2024\/10\/RESULTADO-DESAFIO-DAS-SERRAS-TAICUPEBA-2024.pdf\" target=\"_blank\" rel=\"noopener\">Download<\/a><\/span> | <span style=\"color: #00ccff;\"><a style=\"color: #00ccff;\" href=\"https:\/\/www.polesportivo.com.br\/resultado.php?ev=1149\" target=\"_blank\" rel=\"noopener\">Certificado de participa\u00e7\u00e3o<\/a><\/span><br \/>\u2022 2024 \u2022 Desafio das Serras 6, 12, 21 e 42Km \u2013 2\u00aa Etapa Serra da Bocaina \/ SP \u2022 <span style=\"color: #00ccff;\"><a style=\"color: #00ccff;\" href=\"https:\/\/adventurecamp.com.br\/2024\/wp-content\/uploads\/2024\/09\/RESULTADO-CATEGORIA-BOCAINA-24.pdf\" target=\"_blank\" rel=\"noopener\">Download<\/a><\/span> | <span style=\"color: #00ccff;\"><a style=\"color: #00ccff;\" href=\"https:\/\/polesportivo.com.br\/resultado.php?ev=1050\" target=\"_blank\" rel=\"noopener\">Certificado de participa\u00e7\u00e3o<\/a><\/span><br \/>\u2022 2024 \u2022 Desafio das Serras 6, 12, 21 e 42Km \u2013 1\u00aa Etapa Campos do Jord\u00e3o \/ SP \u2022 <span style=\"color: #00ccff;\"><a style=\"color: #00ccff;\" href=\"https:\/\/adventurecamp.com.br\/2024\/wp-content\/uploads\/2024\/05\/RESULTADOS-DESAFIO-DAS-SERRAS-CAMPOS-2024-v2.pdf\" target=\"_blank\" rel=\"noopener\">Download<\/a><\/span> | <span style=\"color: #00ccff;\"><a style=\"color: #00ccff;\" href=\"https:\/\/www.polesportivo.com.br\/resultado.php?id=1040\" target=\"_blank\" rel=\"noopener\">Certificado de participa\u00e7\u00e3o<\/a><\/span><br \/>\u2022 2023 \u2022 Desafio das Serras 6, 12, 21 e 42Km \u2013 3\u00aa Etapa Serra da Bocaina \u2013 S\u00e3o Jos\u00e9 do Barreiro \/ SP \u2022 <span style=\"color: #00ccff;\"><a style=\"color: #00ccff;\" href=\"https:\/\/adventurecamp.com.br\/2024\/wp-content\/uploads\/2024\/03\/DESAFIO-DAS-SERRAS-BOCAINA.pdf\" target=\"_blank\" rel=\"noopener\">Download<\/a><\/span> | <span style=\"color: #00ccff;\"><a style=\"color: #00ccff;\" href=\"https:\/\/polesportivo.com.br\/resultado.php?id=934\" target=\"_blank\" rel=\"noopener\">Certificado de participa\u00e7\u00e3o<\/a><\/span><br \/>\u2022 2023 \u2022 Desafio das Serras Ultramaratona \u2013 S\u00e3o Bento do Sapuca\u00ed \/ SP \u2022 <span style=\"color: #00ccff;\"><a style=\"color: #00ccff;\" href=\"https:\/\/adventurecamp.com.br\/2024\/wp-content\/uploads\/2024\/03\/RESULTADO-ULTRA-CORRIGIDO.pdf\" target=\"_blank\" rel=\"noopener\">Download<\/a><\/span> | <span style=\"color: #00ccff;\"><a style=\"color: #00ccff;\" href=\"https:\/\/www.polesportivo.com.br\/resultado.php?id=925\" target=\"_blank\" rel=\"noopener\">Certificado de participa\u00e7\u00e3o<\/a><\/span><br \/>\u2022 2023 \u2022 Desafio das Serras 6, 12, 21 e 42Km \u2013 2\u00aa Etapa S\u00e3o Bento do Sapuca\u00ed \/ SP \u2022 <span style=\"color: #00ccff;\"><a style=\"color: #00ccff;\" href=\"https:\/\/adventurecamp.com.br\/2024\/wp-content\/uploads\/2024\/03\/RESULTADO-DESAFIO-DAS-SERRAS.pdf\" target=\"_blank\" rel=\"noopener\">Download<\/a><\/span> | <span style=\"color: #00ccff;\"><a style=\"color: #00ccff;\" href=\"https:\/\/www.polesportivo.com.br\/resultado.php?id=951\" target=\"_blank\" rel=\"noopener\">Certificado de participa\u00e7\u00e3o<\/a><\/span><br \/>\u2022 2023 \u2022 Desafio das Serras 6, 12, 21 e 42Km \u2013 1\u00aa Etapa Campos do Jord\u00e3o \/ SP \u2022 <span style=\"color: #00ccff;\"><a style=\"color: #00ccff;\" href=\"https:\/\/adventurecamp.com.br\/2024\/wp-content\/uploads\/2024\/08\/RESULTADO-GERAL-DESAFIO-DAS-SERRAS.pdf\" target=\"_blank\" rel=\"noopener\">Download<\/a><\/span>\u00a0<br \/>\u2022 2022 \u2022 Desafio das Serras Ultramaratona \u2013 S\u00e3o Bento do Sapuca\u00ed \/ SP \u2022 <span style=\"color: #00ccff;\"><a style=\"color: #00ccff;\" href=\"https:\/\/adventurecamp.com.br\/2024\/wp-content\/uploads\/2024\/08\/v2.Resultadado-ultra-maratona.pdf\" target=\"_blank\" rel=\"noopener\">Download\u00a0<\/a><\/span><br \/>\u2022 2022 \u2022 Desafio das Serras 6, 12, 21 e 42Km \u2013 3\u00aa Etapa S\u00e3o Bento do Sapuca\u00ed \u2022 <span style=\"color: #00ccff;\"><a style=\"color: #00ccff;\" href=\"https:\/\/adventurecamp.com.br\/2024\/wp-content\/uploads\/2024\/08\/v2.Resultado-final-sabado.pdf\" target=\"_blank\" rel=\"noopener\">Download<\/a><\/span><br \/>\u2022 2022 \u2022 Desafio das Serras 6, 12, 21 e 42Km \u2013 2\u00aa Etapa Pedra Grande \u2013 Atibaia \/ SP \u2022 <span style=\"color: #00ccff;\"><a style=\"color: #00ccff;\" href=\"https:\/\/adventurecamp.com.br\/2024\/wp-content\/uploads\/2024\/08\/Resultados-Desafio-das-Serras-Etapa-Pedra-Grande-Atibaia-SP.pdf\" target=\"_blank\" rel=\"noopener\">Download\u00a0<\/a><\/span><br \/>\u2022 2022 \u2022 Desafio das Serras 6, 12, 21 e 42Km \u2013 1\u00aa Etapa S\u00e3o Bento do Sapuca\u00ed \u2022 <span style=\"color: #00ccff;\"><a style=\"color: #00ccff;\" href=\"https:\/\/adventurecamp.com.br\/2024\/wp-content\/uploads\/2024\/08\/v1-Resultados-Desafio-das-Serras-Brasil-2021.pdf\" target=\"_blank\" rel=\"noopener\">Download<\/a><\/span><br \/>\u2022 2021 \u2022 Desafio das Serras Ultramaratona \u2013 S\u00e3o Bento do Sapuca\u00ed \/ SP \u2022 <span style=\"color: #00ccff;\"><a style=\"color: #00ccff;\" href=\"https:\/\/adventurecamp.com.br\/2024\/wp-content\/uploads\/2024\/08\/v1-Resultados-Desafio-das-Serras-Ultramaratona-2021-Acumulado.pdf\" target=\"_blank\" rel=\"noopener\">Download<\/a><\/span>\u00a0<br \/>\u2022 2019 \u2022 Desafio das Serras Ultramaratona \u2013 Parque Estadual Intervales \u2013 Ribeir\u00e3o Grande \/ SP \u2022 <span style=\"color: #00ccff;\"><a style=\"color: #00ccff;\" href=\"https:\/\/adventurecamp.com.br\/2024\/wp-content\/uploads\/2024\/08\/Resultado-Final-Desafio-das-Serras-Ultramaratona-Intervales-2019.pdf\" target=\"_blank\" rel=\"noopener\">Download\u00a0<\/a><\/span><br \/>\u2022 2019 \u2022 Desafio das Serras 6, 12, 21 e 42Km \u2013 2\u00aa Etapa Parque Estadual do Juquery \u2022 <span style=\"color: #00ccff;\"><a style=\"color: #00ccff;\" href=\"https:\/\/adventurecamp.com.br\/2024\/wp-content\/uploads\/2024\/08\/Resultado-Desafio-das-Serras-Brasil-Edicao-Especial.pdf\" target=\"_blank\" rel=\"noopener\">Download<\/a><\/span><br \/>\u2022 2019 \u2022 Desafio das Serras 6, 12, 21 e 42Km \u2013 1\u00aa Etapa Parque Estadual Serra do Mar \u2022 <span style=\"color: #00ccff;\"><a style=\"color: #00ccff;\" href=\"https:\/\/adventurecamp.com.br\/2024\/wp-content\/uploads\/2024\/03\/RESULTADO-DESAFIO-DAS-SERRAS-1-ETAPA.pdf\" target=\"_blank\" rel=\"noopener\">Download<\/a><\/span><br \/>\u2022 2018 \u2022 Desafio das Serras Ultramaratona \u2013 Serra da Mantiqueira \u2013 S\u00e3o Francisco Xavier \/ SP \u2022 <span style=\"color: #00ccff;\"><a style=\"color: #00ccff;\" href=\"https:\/\/adventurecamp.com.br\/2024\/wp-content\/uploads\/2024\/03\/Resultado-Acumulado-1.pdf\" target=\"_blank\" rel=\"noopener\">Download<\/a><\/span><br \/>\u2022 2018 \u2022 Desafio das Serras 6, 12, 21 e 42Km \u2013 3\u00aa Etapa Mucuri \/ BA \u2022 <span style=\"color: #00ccff;\"><a style=\"color: #00ccff;\" href=\"https:\/\/adventurecamp.com.br\/2024\/wp-content\/uploads\/2024\/03\/Resultado-Oficial-DSB-3-Etapa.pdf\" target=\"_blank\" rel=\"noopener\">Download<\/a><\/span><br \/>\u2022 2018 \u2022 Desafio das Serras 6, 12, 21 e 42Km \u2013 2\u00aa Etapa S\u00e3o Francisco Xavier \u2022 <span style=\"color: #00ccff;\"><a style=\"color: #00ccff;\" href=\"https:\/\/adventurecamp.com.br\/2024\/wp-content\/uploads\/2024\/03\/Resultado-Desafio-das-Serras-Etapa-SFX-1.pdf\" target=\"_blank\" rel=\"noopener\">Download<\/a><\/span><br \/>\u2022 2018 \u2022 Desafio das Serras 6, 12, 21 e 42Km \u2013 1\u00aa Etapa Parque das Neblinas \u2022 <span style=\"color: #00ccff;\"><a style=\"color: #00ccff;\" href=\"https:\/\/adventurecamp.com.br\/2024\/wp-content\/uploads\/2024\/03\/Resultado-Desafio-das-Serras-Brasil-Mogi.pdf\" target=\"_blank\" rel=\"noopener\">Download<\/a><\/span><br \/>\u2022 2017 \u2022 Desafio das Serras Ultramaratona \u2013 Serra da Mantiqueira \u2013 S\u00e3o Francisco Xavier \/ SP \u2022 <span style=\"color: #00ccff;\"><a style=\"color: #00ccff;\" href=\"https:\/\/adventurecamp.com.br\/2024\/wp-content\/uploads\/2024\/03\/Final-Acumulada-Desafio-das-Serras-SFX.pdf\" target=\"_blank\" rel=\"noopener\">Download<\/a><\/span><br \/>\u2022 2016 \u2022 Desafio das Serras Ultramaratona \u2013 Serra da Mantiqueira \u2013 S\u00e3o Francisco Xavier \/ SP \u2022 <span style=\"color: #00ccff;\"><a style=\"color: #00ccff;\" href=\"https:\/\/adventurecamp.com.br\/2024\/wp-content\/uploads\/2024\/03\/Resultado-Desafio-das-Serras-2016.pdf\" target=\"_blank\" rel=\"noopener\">Download<\/a><\/span><br \/>\u2022 2015 \u2022 Desafio das Serras Ultramaratona \u2013 Serra do Mar \u2013 Ubatuba \/ Cunha \/ SP \u2022 <span style=\"color: #00ccff;\"><a style=\"color: #00ccff;\" href=\"https:\/\/adventurecamp.com.br\/2024\/wp-content\/uploads\/2024\/03\/Resultado-Desafio-das-Serras-2015.pdf\" target=\"_blank\" rel=\"noopener\">Download<\/a><\/span><\/p>\t\t\t\t\t\t<\/div>\n\t\t\t\t<\/div>\n\t\t\t\t\t<\/div>\n\t\t\t\t<\/div>\n\t\t<div class=\"elementor-element elementor-element-9b01369 e-flex e-con-boxed e-con e-parent\" data-id=\"9b01369\" data-element_type=\"container\" data-settings=\"{&quot;background_background&quot;:&quot;classic&quot;,&quot;content_width&quot;:&quot;boxed&quot;}\" data-core-v316-plus=\"true\">\n\t\t\t\t\t<div class=\"e-con-inner\">\n\t\t\t\t<div class=\"elementor-element elementor-element-133db89 elementor-widget elementor-widget-heading\" data-id=\"133db89\" data-element_type=\"widget\" data-widget_type=\"heading.default\">\n\t\t\t\t<div class=\"elementor-widget-container\">\n\t\t\t<h2 class=\"elementor-heading-title elementor-size-default\">V\u00eddeos<\/h2>\t\t<\/div>\n\t\t\t\t<\/div>\n\t\t\t\t\t<\/div>\n\t\t\t\t<\/div>\n\t\t<div class=\"elementor-element elementor-element-e2f236b e-flex e-con-boxed e-con e-parent\" data-id=\"e2f236b\" data-element_type=\"container\" data-settings=\"{&quot;background_background&quot;:&quot;classic&quot;,&quot;content_width&quot;:&quot;boxed&quot;}\" data-core-v316-plus=\"true\">\n\t\t\t\t\t<div class=\"e-con-inner\">\n\t\t\t\t<div class=\"elementor-element elementor-element-4d95fde elementor-widget elementor-widget-video\" data-id=\"4d95fde\" data-element_type=\"widget\" data-settings=\"{&quot;youtube_url&quot;:&quot;https:\\\/\\\/www.youtube.com\\\/watch?v=sULrgVLTIdQ&quot;,&quot;video_type&quot;:&quot;youtube&quot;,&quot;controls&quot;:&quot;yes&quot;}\" data-widget_type=\"video.default\">\n\t\t\t\t<div class=\"elementor-widget-container\">\n\t\t\t<style>\/*! elementor - v3.19.0 - 07-02-2024 *\/\n.elementor-widget-video .elementor-widget-container{overflow:hidden;transform:translateZ(0)}.elementor-widget-video .elementor-wrapper{aspect-ratio:var(--video-aspect-ratio)}.elementor-widget-video .elementor-wrapper iframe,.elementor-widget-video .elementor-wrapper video{height:100%;width:100%;display:flex;border:none;background-color:#000}@supports not (aspect-ratio:1\/1){.elementor-widget-video .elementor-wrapper{position:relative;overflow:hidden;height:0;padding-bottom:calc(100% \/ var(--video-aspect-ratio))}.elementor-widget-video .elementor-wrapper iframe,.elementor-widget-video .elementor-wrapper video{position:absolute;top:0;right:0;bottom:0;left:0}}.elementor-widget-video .elementor-open-inline .elementor-custom-embed-image-overlay{position:absolute;top:0;right:0;bottom:0;left:0;background-size:cover;background-position:50%}.elementor-widget-video .elementor-custom-embed-image-overlay{cursor:pointer;text-align:center}.elementor-widget-video .elementor-custom-embed-image-overlay:hover .elementor-custom-embed-play i{opacity:1}.elementor-widget-video .elementor-custom-embed-image-overlay img{display:block;width:100%;aspect-ratio:var(--video-aspect-ratio);-o-object-fit:cover;object-fit:cover;-o-object-position:center center;object-position:center center}@supports not (aspect-ratio:1\/1){.elementor-widget-video .elementor-custom-embed-image-overlay{position:relative;overflow:hidden;height:0;padding-bottom:calc(100% \/ var(--video-aspect-ratio))}.elementor-widget-video .elementor-custom-embed-image-overlay img{position:absolute;top:0;right:0;bottom:0;left:0}}.elementor-widget-video .e-hosted-video .elementor-video{-o-object-fit:cover;object-fit:cover}.e-con-inner>.elementor-widget-video,.e-con>.elementor-widget-video{width:var(--container-widget-width);--flex-grow:var(--container-widget-flex-grow)}<\/style>\t\t<div class=\"elementor-wrapper elementor-open-inline\">\n\t\t\t<div class=\"elementor-video\"><\/div>\t\t<\/div>\n\t\t\t\t<\/div>\n\t\t\t\t<\/div>\n\t\t\t\t\t<\/div>\n\t\t\t\t<\/div>\n\t\t\t\t<\/div>\n\t\t","protected":false},"excerpt":{"rendered":"<p>Fotos Resultados \u2022 2025 \u2022 Desafio das Serras Ultramaratona : 6, 12, 21 e 42Km, 40,80 e 100km\u2013 Etapa S\u00e3o Bento do Sapuca\u00ed ,SP: \u00a0Download S\u00e1bado | Certificado de participa\u00e7\u00e3o S\u00e1bado | Download Domingo | Certificado de participa\u00e7\u00e3o Domingo\u2022 2024 \u2022 Desafio das Serras 6, 12, 21 e 42Km \u2013 3\u00aa Etapa Taia\u00e7upeba &#8211; Mogi&hellip;&nbsp;<a href=\"https:\/\/adventurecamp.com.br\/2024\/desafiodasserras\/resultadosefotos\/\" class=\"\" rel=\"bookmark\">Ler mais &raquo;<span class=\"screen-reader-text\">Resultados e fotos<\/span><\/a><\/p>\n","protected":false},"author":2,"featured_media":0,"parent":1063,"menu_order":0,"comment_status":"closed","ping_status":"closed","template":"page-templates\/template-pagebuilder-full-width.php","meta":{"neve_meta_sidebar":"","neve_meta_container":"","neve_meta_enable_content_width":"","neve_meta_content_width":0,"neve_meta_title_alignment":"","neve_meta_author_avatar":"","neve_post_elements_order":"","neve_meta_disable_header":"","neve_meta_disable_footer":"","neve_meta_disable_title":"","neve_meta_reading_time":"","_themeisle_gutenberg_block_has_review":false,"_ti_tpc_template_sync":false,"_ti_tpc_template_id":"","footnotes":""},"class_list":["post-1519","page","type-page","status-publish","hentry"],"_links":{"self":[{"href":"https:\/\/adventurecamp.com.br\/2024\/wp-json\/wp\/v2\/pages\/1519","targetHints":{"allow":["GET"]}}],"collection":[{"href":"https:\/\/adventurecamp.com.br\/2024\/wp-json\/wp\/v2\/pages"}],"about":[{"href":"https:\/\/adventurecamp.com.br\/2024\/wp-json\/wp\/v2\/types\/page"}],"author":[{"embeddable":true,"href":"https:\/\/adventurecamp.com.br\/2024\/wp-json\/wp\/v2\/users\/2"}],"replies":[{"embeddable":true,"href":"https:\/\/adventurecamp.com.br\/2024\/wp-json\/wp\/v2\/comments?post=1519"}],"version-history":[{"count":64,"href":"https:\/\/adventurecamp.com.br\/2024\/wp-json\/wp\/v2\/pages\/1519\/revisions"}],"predecessor-version":[{"id":5054,"href":"https:\/\/adventurecamp.com.br\/2024\/wp-json\/wp\/v2\/pages\/1519\/revisions\/5054"}],"up":[{"embeddable":true,"href":"https:\/\/adventurecamp.com.br\/2024\/wp-json\/wp\/v2\/pages\/1063"}],"wp:attachment":[{"href":"https:\/\/adventurecamp.com.br\/2024\/wp-json\/wp\/v2\/media?parent=1519"}],"curies":[{"name":"wp","href":"https:\/\/api.w.org\/{rel}","templated":true}]}}